{"id":15518,"date":"2026-03-16T14:47:13","date_gmt":"2026-03-16T14:47:13","guid":{"rendered":"https:\/\/socialivx.web.ua.pt\/?page_id=15518"},"modified":"2026-03-16T15:04:40","modified_gmt":"2026-03-16T15:04:40","slug":"helder-caixinha","status":"publish","type":"page","link":"https:\/\/socialivx.web.ua.pt\/index.php\/helder-caixinha\/","title":{"rendered":"H\u00e9lder Caixinha"},"content":{"rendered":"<div id=\"pl-15518\"  class=\"panel-layout\" ><div id=\"pg-15518-0\"  class=\"panel-grid panel-no-style\"  style=\"margin-bottom: 50px\" ><div id=\"pgc-15518-0-0\"  class=\"panel-grid-cell\" ><div id=\"panel-15518-0-0-0\" class=\"so-panel widget_siteorigin-panels-builder panel-first-child panel-last-child\" data-index=\"0\" ><div style=\"margin: 20px 0px 0px 0px;\" class=\"panel-widget-style panel-widget-style-for-15518-0-0-0\" ><div id=\"pl-w69b81c082ca3d\"  class=\"panel-layout\" ><div id=\"pg-w69b81c082ca3d-0\"  class=\"panel-grid panel-no-style\"  style=\"margin-bottom: 30px\" ><div id=\"pgc-w69b81c082ca3d-0-0\"  class=\"panel-grid-cell\" ><div id=\"panel-w69b81c082ca3d-0-0-0\" class=\"so-panel widget_themegrill_suffice_team tg-team-container panel-first-child panel-last-child\" data-index=\"0\" ><div class=\"team-member team-bubble\">\n\t<div class=\"team-member-inner\">\n\t\t<figure class=\"team-member-thumbnail\">\n\t\t\t<span class=\"team-bubble-one\"><\/span>\n\t\t\t<span class=\"team-bubble-two\"><\/span>\n\t\t\t\t\t\t\t<div class=\"team-member-thumbnail-inner\">\n\t\t\t\t\t<img decoding=\"async\" src=\"https:\/\/socialivx.web.ua.pt\/wp-content\/uploads\/2026\/03\/image001.jpg\" alt=\"\" \/>\n\t\t\t\t<\/div>\n\t\t\t\t\t\t\t\t<\/figure>\n\t\t<div class=\"team-member-description\">\n\t\t\t\t\t\t\t\t\t\t\t<\/div>\n\t<\/div> <!-- .team-member-inner -->\n<\/div> <!-- end team-member -->\n<\/div><\/div><div id=\"pgc-w69b81c082ca3d-0-1\"  class=\"panel-grid-cell\" ><div id=\"panel-w69b81c082ca3d-0-1-0\" class=\"so-panel widget_text panel-first-child panel-last-child\" data-index=\"1\" ><div style=\"margin: 0px 0px 0px 0px;\" class=\"panel-widget-style panel-widget-style-for-w69b81c082ca3d-0-1-0\" >\t\t\t<div class=\"textwidget\"><p><span data-olk-copy-source=\"MessageBody\">H\u00e9lder Caixinha is an assistant professor in the Department of Communication and Art at the University of Aveiro, where he teaches courses on audiovisual production, photography, science communication, and web technologies in undergraduate and postgraduate programmes in the field of communication sciences and technologies.\u00a0<\/span><\/p>\n<p>He holds a degree in Electronic Engineering and Telecommunications, a master&#8217;s degree in Information Management from the University of Aveiro and a PhD in Multimedia in Education from the same institution. He is deputy director of the Master&#8217;s in Audiovisual Communication for New Media and technical coordinator and operational manager of AlticeLabs@UA, an academy-business fusion laboratory.<\/p>\n<p>He conducts his research focused on visual storytelling (audiovisual\/photographic) applied to non-fictional contexts, transmedia approaches, the use of audiovisual repositories for the preservation and dissemination of cultural heritage\/science communication, and the use and integration of emerging technologies, such as Artificial Intelligence in workflows associated with the aforementioned interests.<\/p>\n<p>He has supervised doctoral and master&#8217;s students in areas related to his research interests, namely in the audiovisual production of documentaries, and has been involved in different research projects and scientific initiatives, both nationally and internationally. He has participated in projects for the design and development of distance learning programmes and human resources training in higher education institutions in Portugal, Mozambique, and Cape Verde.<\/p>\n<p style=\"padding-left: 5px;\"><a href=\"https:\/\/orcid.org\/0000-0002-7288-3290\" target=\"_blank\" rel=\"noopener\">ORCID<\/a> \u00a0| <a href=\"https:\/\/www.cienciavitae.pt\/\/pt\/1319-EAF6-9468\" target=\"_blank\" rel=\"noopener\">CI\u00caNCIAVITAE<\/a><\/p>\n<\/div>\n\t\t<\/div><\/div><\/div><\/div><div id=\"pg-w69b81c082ca3d-1\"  class=\"panel-grid panel-no-style\" ><div id=\"pgc-w69b81c082ca3d-1-0\"  class=\"panel-grid-cell\" ><div id=\"panel-w69b81c082ca3d-1-0-0\" class=\"so-panel widget_text panel-first-child panel-last-child\" data-index=\"2\" ><div style=\"margin: 0px 0px 0px 0px;\" class=\"panel-widget-style panel-widget-style-for-w69b81c082ca3d-1-0-0\" ><h3 class=\"widget-title\">Articles<\/h3>\t\t\t<div class=\"textwidget\"><ul>\n<li><span lang=\"pt\" data-olk-copy-source=\"MessageBody\">Cunha, M., Caixinha, H., Costa, C. (2026).\u00a0<\/span>The Role of Digital Twins in Tourism Management: Opportunities and Challenges. In Digital Technologies and Place, Routledge Research in Place Marketing and Management. Routledge (Taylor &amp; Francis) \u2013 in press. Moreno,\u202fD., Caixinha,\u202fH., Davanzo,\u202fN., &amp; Avanzini,\u202fF.\u202f(2025). I want to play piano: Chasing a dream with Netychords. In CHI\u202fEA \u201925: Extended Abstracts of the CHI Conference on Human Factors in Computing Systems (2\u202fpp.). Association for Computing Machinery.<a title=\"https:\/\/doi.org\/10.1145\/3706599.3721339\" href=\"https:\/\/doi.org\/10.1145\/3706599.3721339\" target=\"_blank\" rel=\"noopener noreferrer\" data-auth=\"NotApplicable\" data-linkindex=\"2\">https:\/\/doi.org\/10.1145\/3706599.3721339<\/a><\/li>\n<li>Queir\u00f3s, C., Caixinha, H. (2025). Impact of Graphics on Broadcast News Design: Analysis of Viewers Attention and Cognitive Load. In: Martins, N., Brand\u00e3o, D. (eds) Advances in Design and Digital Communication V. DIGICOM 2024. Springer Series in Design and Innovation, vol 51. Springer, Cham.\u00a0<a title=\"https:\/\/doi.org\/10.1007\/978-3-031-77566-6_66\" href=\"https:\/\/doi.org\/10.1007\/978-3-031-77566-6_66\" target=\"_blank\" rel=\"noopener noreferrer\" data-auth=\"NotApplicable\" data-linkindex=\"3\">https:\/\/doi.org\/10.1007\/978-3-031-77566-6_66<\/a><\/li>\n<li><span lang=\"pt\">Dalagna, G., Caro, I., Foletto, C., Caixinha, H., Moreno, D., &amp; Silva, J. (2024). DigiMusi: Promovendo a transforma\u00e7\u00e3o digital no ensino e aprendizagem da m\u00fasica: Guia de boas pr\u00e1ticas \/ DigiMusi: Promoviendo la transformaci\u00f3n digital en la ense\u00f1anza y el aprendizaje de la m\u00fasica: Gu\u00eda de buenas pr\u00e1cticas (Bilingual ed.).UA Editora.\u00a0<\/span><a title=\"https:\/\/doi.org\/10.48528\/43dj-8x06\" href=\"https:\/\/doi.org\/10.48528\/43dj-8x06\" target=\"_blank\" rel=\"noopener noreferrer\" data-auth=\"NotApplicable\" data-linkindex=\"4\">https:\/\/doi.org\/10.48528\/43dj-8&#215;06<\/a><\/li>\n<\/ul>\n<\/div>\n\t\t<\/div><\/div><\/div><\/div><\/div><\/div><\/div><\/div><\/div><\/div>","protected":false},"excerpt":{"rendered":"<p>H\u00e9lder Caixinha is an assistant professor in the Department of Communication and Art at the University of Aveiro, where he teaches courses on audiovisual production, photography, science communication, and web technologies in undergraduate and postgraduate programmes in the field of<\/p>\n","protected":false},"author":8,"featured_media":0,"parent":0,"menu_order":0,"comment_status":"closed","ping_status":"closed","template":"","meta":{"editor_plus_copied_stylings":"{}","footnotes":""},"class_list":["post-15518","page","type-page","status-publish","hentry"],"_links":{"self":[{"href":"https:\/\/socialivx.web.ua.pt\/index.php\/wp-json\/wp\/v2\/pages\/15518","targetHints":{"allow":["GET"]}}],"collection":[{"href":"https:\/\/socialivx.web.ua.pt\/index.php\/wp-json\/wp\/v2\/pages"}],"about":[{"href":"https:\/\/socialivx.web.ua.pt\/index.php\/wp-json\/wp\/v2\/types\/page"}],"author":[{"embeddable":true,"href":"https:\/\/socialivx.web.ua.pt\/index.php\/wp-json\/wp\/v2\/users\/8"}],"replies":[{"embeddable":true,"href":"https:\/\/socialivx.web.ua.pt\/index.php\/wp-json\/wp\/v2\/comments?post=15518"}],"version-history":[{"count":3,"href":"https:\/\/socialivx.web.ua.pt\/index.php\/wp-json\/wp\/v2\/pages\/15518\/revisions"}],"predecessor-version":[{"id":15533,"href":"https:\/\/socialivx.web.ua.pt\/index.php\/wp-json\/wp\/v2\/pages\/15518\/revisions\/15533"}],"wp:attachment":[{"href":"https:\/\/socialivx.web.ua.pt\/index.php\/wp-json\/wp\/v2\/media?parent=15518"}],"curies":[{"name":"wp","href":"https:\/\/api.w.org\/{rel}","templated":true}]}}